{"id":2034,"date":"2025-03-18T08:44:03","date_gmt":"2025-03-18T08:44:03","guid":{"rendered":"https:\/\/internationaljournalofmicrobialscience.com\/?page_id=2034"},"modified":"2025-03-18T08:45:02","modified_gmt":"2025-03-18T08:45:02","slug":"references-54","status":"publish","type":"page","link":"https:\/\/internationaljournalofmicrobialscience.com\/index.php\/references-54\/","title":{"rendered":"References"},"content":{"rendered":"<ol>\n<li><span style=\"color: #000000;\">Schemel-Su\u00e1rez M, L\u00f3pez-L\u00f3pez J, Chimenos-K\u00fcstner E. \u00dalceras orales: diagn\u00f3stico diferencial y tratamiento [Oral ulcers: Differential diagnosis and treatment]. Med Clin (Barc). 2015 Dec 7;145(11):499-503. Spanish. doi: 10.1016\/j.medcli.2015.04.017. Epub 2015 Jun 3. PMID: 26049962.<\/span><\/li>\n<li><span style=\"color: #000000;\">Canker Store. Mayo Clinic. Available at https:\/\/www.mayoclinic.org\/diseases-conditions\/canker-sore\/symptoms-causes\/syc-20370615#:~:text=The%20precise%20cause%20of%20canker,Emotional%20stress<\/span><\/li>\n<li><span style=\"color: #000000;\">Better Health Channel . Department of Health, Victoria Store Government.Available at\u00a0 https:\/\/www.betterhealth.vic.gov.au\/health\/conditionsandtreatments\/mouth-ulcers#:~:text=of%20mouth%20cancer.-,Causes%20of%20mouth%20ulcers,stress%2C%20illness%20or%20extreme%20fatigue.<\/span><\/li>\n<\/ol>\n<ol start=\"4\">\n<li><span style=\"color: #000000;\">Compilato D, Cirillo N, Termine N, Kerr AR, Paderni C, Ciavarella D, Campisi G. Long\u2010standing oral ulcers: proposal for a newS\u2010C\u2010D classification system\u2019. Journal of oral pathology &amp; medicine. 2009 Mar;38(3):241-53.<\/span><\/li>\n<\/ol>\n","protected":false},"excerpt":{"rendered":"<p>Schemel-Su\u00e1rez M, L\u00f3pez-L\u00f3pez J, Chimenos-K\u00fcstner E. \u00dalceras orales: diagn\u00f3stico diferencial y tratamiento [Oral ulcers: Differential&#8230;<\/p>\n","protected":false},"author":1,"featured_media":0,"parent":0,"menu_order":0,"comment_status":"closed","ping_status":"closed","template":"","meta":{"footnotes":""},"aioseo_notices":[],"_links":{"self":[{"href":"https:\/\/internationaljournalofmicrobialscience.com\/index.php\/wp-json\/wp\/v2\/pages\/2034"}],"collection":[{"href":"https:\/\/internationaljournalofmicrobialscience.com\/index.php\/wp-json\/wp\/v2\/pages"}],"about":[{"href":"https:\/\/internationaljournalofmicrobialscience.com\/index.php\/wp-json\/wp\/v2\/types\/page"}],"author":[{"embeddable":true,"href":"https:\/\/internationaljournalofmicrobialscience.com\/index.php\/wp-json\/wp\/v2\/users\/1"}],"replies":[{"embeddable":true,"href":"https:\/\/internationaljournalofmicrobialscience.com\/index.php\/wp-json\/wp\/v2\/comments?post=2034"}],"version-history":[{"count":2,"href":"https:\/\/internationaljournalofmicrobialscience.com\/index.php\/wp-json\/wp\/v2\/pages\/2034\/revisions"}],"predecessor-version":[{"id":2036,"href":"https:\/\/internationaljournalofmicrobialscience.com\/index.php\/wp-json\/wp\/v2\/pages\/2034\/revisions\/2036"}],"wp:attachment":[{"href":"https:\/\/internationaljournalofmicrobialscience.com\/index.php\/wp-json\/wp\/v2\/media?parent=2034"}],"curies":[{"name":"wp","href":"https:\/\/api.w.org\/{rel}","templated":true}]}}