{"id":2000,"date":"2025-03-18T07:34:34","date_gmt":"2025-03-18T07:34:34","guid":{"rendered":"https:\/\/internationaljournalofmicrobialscience.com\/?page_id=2000"},"modified":"2025-03-18T09:36:40","modified_gmt":"2025-03-18T09:36:40","slug":"author-profiles","status":"publish","type":"page","link":"https:\/\/internationaljournalofmicrobialscience.com\/index.php\/author-profiles\/","title":{"rendered":"Author Profiles"},"content":{"rendered":"<p><span style=\"color: #000000;\"><strong><sup>1<\/sup><\/strong><strong>Kadam A, <\/strong><strong><sup>2<\/sup><\/strong><strong>Sharma R, <\/strong><strong><sup>3<\/sup><\/strong><strong>Shinde B, <sup>4<\/sup>Dambare A, <sup>5<\/sup>Wagh S<\/strong><\/span><\/p>\n<p><span style=\"color: #000000;\"><sup>1-3<\/sup>Department of Biotechnology, <strong>Vidya Pratishthan&#8217;s Arts, Science and Commerce College, Baramati, Maharashtra, India.<br \/>\n<sup>4<\/sup>Department of Microbiology, <\/strong>Shardabai Pawar Mahila Arts, Commerce and Science College, Shardanagar, Malegaon Budruk, Maharashtra, India.<\/span><\/p>\n<p><span style=\"color: #000000;\"><sup>5<\/sup>Department of Adaptive Biotechnologies, Czechglobe, Global Change Research Institute, CAS, \u00daVGZ AV \u010cR, v. v. i.B\u011blidla 4aBrno603 00.<\/span><\/p>\n<p><span style=\"color: #000000;\"><strong><sup>1<\/sup><\/strong><strong>Kadam A-<\/strong><a href=\"https:\/\/www.webofscience.com\/wos\/author\/record\/MIO-7573-2025\">https:\/\/www.webofscience.com\/wos\/author\/record\/MIO-7573-2025<\/a><\/span><\/p>\n<p><span style=\"color: #000000;\"><strong><sup>2<\/sup><\/strong><strong>Sharma R:<br \/>\nGoogle Scholar: <\/strong><\/span><span style=\"color: #000000;\"><a href=\"https:\/\/scholar.google.com\/citations?hl=en&amp;user=A16pnroAAAAJ&amp;view_op=list_works&amp;gmla=ANZ5fUPDZ7ulyy-CdKb6lR-rMLJ-XSU4j3tHdspICHhe-FfvsFYSLvTM01fbZJL1MCUCi8h5o5ZtdvpYH7PC1LbZ\"><strong>https:\/\/scholar.google.com\/citations?hl=en&amp;user=A16pnroAAAAJ&amp;view_op=list_works&amp;gmla=ANZ5fUPDZ7ulyy-CdKb6lR-rMLJ-XSU4j3tHdspICHhe-FfvsFYSLvTM01fbZJL1MCUCi8h5o5ZtdvpYH7PC1LbZ<\/strong><\/a><br \/>\n<\/span><span style=\"color: #000000;\"><strong>Web of Science Researcher ID:<a href=\"https:\/\/www.webofscience.com\/wos\/author\/record\/KFQ-7167-2024\">https:\/\/www.webofscience.com\/wos\/author\/record\/KFQ-7167-2024<\/a><br \/>\n<\/strong><\/span><span style=\"color: #000000;\"><strong>LinkedIN profile:<\/strong><\/span> <a href=\"https:\/\/in.linkedin.com\/in\/rajesh-sharma-b80293204\"><span style=\"color: #000000;\">https:\/\/in.linkedin.com\/in\/rajesh-sharma-b80293204<\/span><\/a><br \/>\n<span style=\"color: #000000;\"><strong>Researchgate Profile:<\/strong><a href=\"https:\/\/www.researchgate.net\/profile\/Rajesh-Sharma-127\">https:\/\/www.researchgate.net\/profile\/Rajesh-Sharma-127<\/a><br \/>\n<strong>Scopus Author ID:<\/strong> <a href=\"https:\/\/www.scopus.com\/authid\/detail.uri?authorId=57627381000\">https:\/\/www.scopus.com\/authid\/detail.uri?authorId=57627381000<\/a><\/span><\/p>\n<p><span style=\"color: #000000;\"><strong><sup>3<\/sup><\/strong><strong>Shinde B:<br \/>\nScopus Author Profile:<\/strong> <a href=\"https:\/\/www.scopus.com\/authid\/detail.uri?\">https:\/\/www.scopus.com\/authid\/detail.uri?<\/a><br \/>\n<\/span><span style=\"color: #000000;\"><strong>Google Scholar<\/strong> <strong>Profile:<\/strong><a href=\"https:\/\/scholar.google.com\/citations?user=h-mhSxUAAAAJ&amp;hl=en&amp;oi=ao\">https:\/\/scholar.google.com\/citations?user=h-mhSxUAAAAJ&amp;hl=en&amp;oi=ao<\/a><br \/>\n<strong>LinkedIN Author Profile:<\/strong><a href=\"https:\/\/in.linkedin.com\/in\/shinde-bharat-b6562116\">https:\/\/in.linkedin.com\/in\/shinde-bharat-b6562116<\/a><br \/>\n<strong>Researchgate Author Profile:<\/strong><a href=\"https:\/\/www.researchgate.net\/profile\/Bharat-Shinde-2\">https:\/\/www.researchgate.net\/profile\/Bharat-Shinde-2<\/a><\/span><\/p>\n<p><span style=\"color: #000000;\"><strong><sup>4<\/sup>Dambare A:<br \/>\nWeb of Science Researcher ID: <\/strong><a href=\"https:\/\/www.webofscience.com\/wos\/author\/record\/KGM-6022-2024\">https:\/\/www.webofscience.com\/wos\/author\/record\/KGM-6022-2024<\/a><strong><br \/>\n<\/strong><\/span><\/p>\n<p><span style=\"color: #000000;\"><strong><sup>5<\/sup>Wagh S:<br \/>\n<\/strong><\/span><a href=\"https:\/\/www.czechglobe.cz\/en\/contacts\/1433\/\">Profile link<\/a>\u00a0<span style=\"color: #000000;\"><strong>Scopus Researcher ID<\/strong>:<\/span>\u00a0<a href=\"https:\/\/www.scopus.com\/authid\/detail.uri?authorId=56845094100\">View<\/a>\u00a0<strong><span style=\"color: #000000;\">Publons ID:\u00a0<\/span><\/strong><a href=\"https:\/\/publons.com\/wos-op\/researcher\/4685189\/sopan-wagh\/publications\/\">View<\/a>\u00a0<strong>ORCID:<\/strong>\u00a0<a href=\"https:\/\/orcid.org\/0000-0001-5300-9656\">View\u00a0<\/a><span style=\"color: #000000;\"><strong>Web of Science Researcher<\/strong> <strong>ID:<\/strong><\/span>\u00a0<a href=\"http:\/\/aaz-2845-2021\/\">View\u00a0<\/a><strong><span style=\"color: #000000;\">Google Scholar Profile:<\/span>\u00a0<\/strong><a href=\"https:\/\/scholar.google.com\/citations?hl=en&amp;user=ulS7_38AAAAJ\">View\u00a0<\/a><strong><span style=\"color: #000000;\">Research Gate Profile:<\/span><\/strong><a href=\"https:\/\/www.researchgate.net\/profile\/Sopan-Wagh\">\u00a0View<\/a><\/p>\n<p>&nbsp;<\/p>\n<p>&nbsp;<\/p>\n","protected":false},"excerpt":{"rendered":"<p>1Kadam A, 2Sharma R, 3Shinde B, 4Dambare A, 5Wagh S 1-3Department of Biotechnology, Vidya Pratishthan&#8217;s&#8230;<\/p>\n","protected":false},"author":1,"featured_media":0,"parent":0,"menu_order":0,"comment_status":"closed","ping_status":"closed","template":"","meta":{"footnotes":""},"aioseo_notices":[],"_links":{"self":[{"href":"https:\/\/internationaljournalofmicrobialscience.com\/index.php\/wp-json\/wp\/v2\/pages\/2000"}],"collection":[{"href":"https:\/\/internationaljournalofmicrobialscience.com\/index.php\/wp-json\/wp\/v2\/pages"}],"about":[{"href":"https:\/\/internationaljournalofmicrobialscience.com\/index.php\/wp-json\/wp\/v2\/types\/page"}],"author":[{"embeddable":true,"href":"https:\/\/internationaljournalofmicrobialscience.com\/index.php\/wp-json\/wp\/v2\/users\/1"}],"replies":[{"embeddable":true,"href":"https:\/\/internationaljournalofmicrobialscience.com\/index.php\/wp-json\/wp\/v2\/comments?post=2000"}],"version-history":[{"count":3,"href":"https:\/\/internationaljournalofmicrobialscience.com\/index.php\/wp-json\/wp\/v2\/pages\/2000\/revisions"}],"predecessor-version":[{"id":2066,"href":"https:\/\/internationaljournalofmicrobialscience.com\/index.php\/wp-json\/wp\/v2\/pages\/2000\/revisions\/2066"}],"wp:attachment":[{"href":"https:\/\/internationaljournalofmicrobialscience.com\/index.php\/wp-json\/wp\/v2\/media?parent=2000"}],"curies":[{"name":"wp","href":"https:\/\/api.w.org\/{rel}","templated":true}]}}