{"id":19021,"date":"2026-01-12T17:04:57","date_gmt":"2026-01-12T17:04:57","guid":{"rendered":"https:\/\/internationaljournalofmicrobialscience.com\/?page_id=19021"},"modified":"2026-01-12T17:11:06","modified_gmt":"2026-01-12T17:11:06","slug":"references-65","status":"publish","type":"page","link":"https:\/\/internationaljournalofmicrobialscience.com\/index.php\/references-65\/","title":{"rendered":"References"},"content":{"rendered":"<p><strong>\u00a0 \u00a0 \u00a0 \u00a0 \u00a0 \u00a0 \u00a0 \u00a0 \u00a0 \u00a0 \u00a0 \u00a0 \u00a0 \u00a0 \u00a0 \u00a0 \u00a0 \u00a0 \u00a0 \u00a0 \u00a0 \u00a0 \u00a0 \u00a0 \u00a0 \u00a0 \u00a0 \u00a0 \u00a0 \u00a0 \u00a0 \u00a0 \u00a0 \u00a0 \u00a0 \u00a0 \u00a0 \u00a0<\/strong><\/p>\n<ol>\n<li><span style=\"color: #000000;\">Deepika P, MubarakAli D. Production and assessment of microalgal liquid fertilizer for the enhanced growth of four crop plants. <em>Biocatal Agric Biotechnol<\/em>. 2020; 28:101701.<\/span><\/li>\n<li><span style=\"color: #000000;\">Savci S. Investigation of effect of chemical fertilizers on environment. <em>APCBEE Procedia<\/em>. 2012; 1:287\u201392.<\/span><\/li>\n<li><span style=\"color: #000000;\">M\u0105cik M, Gryta A, Fr\u0105c M. Biofertilizers in agriculture: An overview on concepts, strategies and effects on soil microorganisms. <em>Adv Agron<\/em>. 2020; 162:31\u201387.<\/span><\/li>\n<li><span style=\"color: #000000;\">Khan MI, Shin JH, Kim JD. The promising future of microalgae: current status, challenges, and optimization of a sustainable and renewable industry for biofuels, feed, and other products. <em>Microb Cell Fact<\/em>. 2018; 17:36.<\/span><\/li>\n<li><span style=\"color: #000000;\">Ronga D, Biazzi E, Parati K, Carminati D, Carminati E, Tava A. Microalgal biostimulants and biofertilisers in crop productions. <em>Agronomy<\/em>. 2019;9(4):192.<\/span><\/li>\n<li><span style=\"color: #000000;\">Kusvuran S. Microalgae (<em>Chlorella vulgaris<\/em> Beijerinck) alleviates drought stress of broccoli plants by improving nutrient uptake, secondary metabolites, and antioxidative defense system. <em>Hortic Plant J<\/em>. 2021;7(3):221\u201331.<\/span><\/li>\n<li><span style=\"color: #000000;\">Nagulapalli Venkata KC, Swaroop A, Bagchi D, Bishayee A. A small plant with big benefits: Fenugreek (<em>Trigonella foenum-graecum<\/em>) for disease prevention and health promotion. <em>Mol Nutr Food Res<\/em>. 2017;61(6):1600950.<\/span><\/li>\n<li><span style=\"color: #000000;\">Du Jardin P. Plant biostimulants: Definition, concept, main categories and regulation. <em>Sci Hortic<\/em>. 2015; 196:3\u201314.<\/span><\/li>\n<li><span style=\"color: #000000;\">Bulgari R, Cocetta G, Trivellini A, Vernieri P, Ferrante A. Biostimulants and crop responses: a review. <em>Biol Agric Hortic<\/em>. 2015;31(1):1\u201317.<\/span><\/li>\n<li><span style=\"color: #000000;\">Colla G, Rouphael Y. Microalgae: new source of plant biostimulants. <em>Agronomy<\/em>. 2020;10(9):1240.<\/span><\/li>\n<li><span style=\"color: #000000;\">Mutale\u2010Joan C, Rachidi F, Mohamed HA, Mernissi NE, Aasfar A, Barakate M, et al. Microalgae\u2013cyanobacteria based biostimulant effect on salinity tolerance mechanisms, nutrient uptake, and tomato plant growth under salt stress. <em>J Appl Phycol<\/em>. 2021; 33:3779\u201395.<\/span><\/li>\n<li><span style=\"color: #000000;\">Gonz\u00e1lez-P\u00e9rez BK, Rivas-Castillo AM, Valdez-Calder\u00f3n A, Gayosso-Morales MA. Microalgae as biostimulants: A new approach in agriculture. <em>World J Microbiol Biotechnol<\/em>. 2022;38(1):4.Pandey S, Narayanan I, Vinayagam R, Selvaraj R, Varadavenkatesan T, Pugazhendhi A. A review on the effect of blue green 11 medium and its constituents on microalgal growth and lipid production. Journal of Environmental Chemical Engineering. 2023 Jun 1;11(3):109984<\/span><\/li>\n<li><span style=\"color: #000000;\">Singh N, Yadav SS, Kumar S, Narashiman B. Ethnopharmacological, phytochemical and clinical studies on Fenugreek (Trigonella foenum-graecum L.). Food Bioscience. 2022 Apr 1; 46:101546<\/span><\/li>\n<li><span style=\"color: #000000;\">Alvarez AL, Weyers SL, Goemann HM, Peyton BM, Gardner RD. Microalgae, soil and plants: A critical review of microalgae as renewable resources for agriculture. <em>Algal Res<\/em>. 2021; 54:102200.<\/span><\/li>\n<li><span style=\"color: #000000;\">Bhattacharyya D, Babgohari MZ, Rathor P, Prithiviraj B. Seaweed extracts as biostimulants in horticulture. <em>Sci Hortic<\/em>. 2015; 196:39\u201348.<\/span><\/li>\n<li><span style=\"color: #000000;\">Yolci M, Tun\u00e7t\u00fcrk R, Tun\u00e7t\u00fcrk M, Ceylan \u015e. Effect of rhizobacteria and microalgae treatments on development and physically parameters of fenugreek (Trigonella foenum-graecum L.) grown under deficit water conditions. MAS Journal of Applied Sciences. 2022;7(1).<\/span><\/li>\n<li><span style=\"color: #000000;\">Mohammadi K, Mohammadi M, Vafaee Y, Seraj RG, Khorshidi J. External application of growth regulators modulates morpho-physiological traits and biochemical profiles of fennel. Scientific Reports. 2025 Nov 24;15(1):41667.<\/span><\/li>\n<li><span style=\"color: #000000;\">Mutale-Joan C, Redouane B, Najib E, Yassine K, Lyamlouli K, Laila S, Zeroual Y, Hicham EA. Screening of microalgae liquid extracts for their bio stimulant properties on plant growth, nutrient uptake and metabolite profile of Solanum lycopersicum L. Scientific reports. 2020 Feb 18;10(1):2820.<\/span><\/li>\n<li><span style=\"color: #000000;\">Stirk WA, van Staden J. Potential of phytohormones as a strategy to improve microalgae productivity for biotechnological applications. Biotechnology Advances. 2020 Nov 15; 44:107612<\/span><\/li>\n<li><span style=\"color: #000000;\">Singh J, Jain D, Agarwal P, Singh RP. Auxin and cytokinin synergism augmenting biomass and lipid production in microalgae Desmodesmus sp. JS07. Process Biochemistry. 2020 Aug 1; 95:223-34<\/span><\/li>\n<li><span style=\"color: #000000;\">Gitau MM, Farkas A, Balla B, \u00d6rd\u00f6g V, Fut\u00f3 Z, Mar\u00f3ti G. Strain-specific biostimulant effects of Chlorella and Chlamydomonas green microalgae on Medicago truncatula. Plants. 2021 May 25;10(6):1060<\/span><\/li>\n<\/ol>\n","protected":false},"excerpt":{"rendered":"<p>\u00a0 \u00a0 \u00a0 \u00a0 \u00a0 \u00a0 \u00a0 \u00a0 \u00a0 \u00a0 \u00a0 \u00a0 \u00a0 \u00a0 \u00a0&#8230;<\/p>\n","protected":false},"author":1,"featured_media":0,"parent":0,"menu_order":0,"comment_status":"closed","ping_status":"closed","template":"","meta":{"footnotes":""},"aioseo_notices":[],"_links":{"self":[{"href":"https:\/\/internationaljournalofmicrobialscience.com\/index.php\/wp-json\/wp\/v2\/pages\/19021"}],"collection":[{"href":"https:\/\/internationaljournalofmicrobialscience.com\/index.php\/wp-json\/wp\/v2\/pages"}],"about":[{"href":"https:\/\/internationaljournalofmicrobialscience.com\/index.php\/wp-json\/wp\/v2\/types\/page"}],"author":[{"embeddable":true,"href":"https:\/\/internationaljournalofmicrobialscience.com\/index.php\/wp-json\/wp\/v2\/users\/1"}],"replies":[{"embeddable":true,"href":"https:\/\/internationaljournalofmicrobialscience.com\/index.php\/wp-json\/wp\/v2\/comments?post=19021"}],"version-history":[{"count":2,"href":"https:\/\/internationaljournalofmicrobialscience.com\/index.php\/wp-json\/wp\/v2\/pages\/19021\/revisions"}],"predecessor-version":[{"id":19024,"href":"https:\/\/internationaljournalofmicrobialscience.com\/index.php\/wp-json\/wp\/v2\/pages\/19021\/revisions\/19024"}],"wp:attachment":[{"href":"https:\/\/internationaljournalofmicrobialscience.com\/index.php\/wp-json\/wp\/v2\/media?parent=19021"}],"curies":[{"name":"wp","href":"https:\/\/api.w.org\/{rel}","templated":true}]}}