{"id":18979,"date":"2025-07-31T12:48:26","date_gmt":"2025-07-31T11:48:26","guid":{"rendered":"https:\/\/internationaljournalofmicrobialscience.com\/?page_id=18979"},"modified":"2025-07-31T12:50:22","modified_gmt":"2025-07-31T11:50:22","slug":"references-64","status":"publish","type":"page","link":"https:\/\/internationaljournalofmicrobialscience.com\/index.php\/references-64\/","title":{"rendered":"References"},"content":{"rendered":"<p><span style=\"color: #000000;\"><strong>References:<\/strong><\/span><\/p>\n<ol>\n<li><span style=\"color: #000000;\">Pratush A, Gupta A, Bhalla TC. Microbial proteases: Prospects and challenges. Microbiology application. 2013:30-48.<\/span><\/li>\n<li><span style=\"color: #000000;\">Barrett AJ, McDONALD JK. Nomenclature: protease, proteinase and peptidase. Biochemical Journal. 1986 Aug 1;237(3):935.<\/span><\/li>\n<li><span style=\"color: #000000;\">Rao MB, Tanksale AM, Ghatge MS, Deshpande VV. Molecular and biotechnological aspects of microbial proteases. Microbiology and molecular biology reviews. 1998 Sep 1;62(3):597-635.<\/span><\/li>\n<li><span style=\"color: #000000;\">Gupta R, Beg Q, Lorenz P. Bacterial alkaline proteases: molecular approaches and industrial applications. Applied microbiology and biotechnology. 2002 Jun;59:15-32.<\/span><\/li>\n<li><span style=\"color: #000000;\">Cui H, Wang L, Yu Y. Production and characterization of alkaline protease from a high yielding and moderately halophilic strain of SD11 marine bacteria. Journal of Chemistry. 2015;2015(1):798304.<\/span><\/li>\n<li><span style=\"color: #000000;\">Rawaliya RK, Patidar P, Sharma S, Hajela K. Purification and biochemical characterization of protease from the seeds of Cyamopsis tetragonoloba. J Appl Biol Biotechnol. 2022 Jan 7;10:172-80.<\/span><\/li>\n<li><span style=\"color: #000000;\">Cupp-Enyard C. Sigma&#8217;s non-specific protease activity assay-casein as a substrate. Journal of visualized experiments: JoVE. 2008 Sep 17(19):899.<\/span><\/li>\n<li><span style=\"color: #000000;\">Mahesha HB. Estimation of Protein by Lowry\u2019s method, 1-2 [Internet]. 2012<\/span><\/li>\n<li><span style=\"color: #000000;\">Khan MA, Ahmad N, Zafar AU, Nasir IA, Qadir MA. Isolation and screening of alkaline protease producing bacteria and physio-chemical characterization of the enzyme. African Journal of Biotechnology. 2011;10(33):6203-12.<\/span><\/li>\n<li><span style=\"color: #000000;\">Shanmugavel M, Vasantharaj S, Saathiyavimal S, Gnanamani A. Application of an alkaline protease in biological waste processing: an eco-friendly approach. Int. J. Biosci. Nanosci. 2016;3:19-24.<\/span><\/li>\n<li><span style=\"color: #000000;\">Razzaq A, Shamsi S, Ali A, Ali Q, Sajjad M, Malik A, Ashraf M. Microbial proteases applications. Frontiers in bioengineering and biotechnology. 2019 Jun 12;7:110.<\/span><\/li>\n<li><span style=\"color: #000000;\">Afridi MI, Ali N, Memon AR, Qasim M, Jamal Q, Khattak B, Adnan M, Khan SN, Ullah A, Younas F, Ullah F. Protease producing Pseudomonas aeruginosa strain (IBC-2) from coal mines of Orakzai Agency, Pakistan. Applied Ecology &amp; Environmental Research. 2019 Jun 1;17(3).<\/span><\/li>\n<li><span style=\"color: #000000;\">Agasthya AS, Sharma N, Mohan A, Mahal P. Isolation and molecular characterisation of alkaline protease producing Bacillus thuringiensis. Cell biochemistry and biophysics. 2013 May;66:45-51.<\/span><\/li>\n<li><span style=\"color: #000000;\">Mothe T, Sultanpuram VR. Production, purification and characterization of a thermotolerant alkaline serine protease from a novel species Bacillus caseinilyticus. 3 Biotech. 2016 Jun;6:1-0.<\/span><\/li>\n<li><span style=\"color: #000000;\">Kumar CG, Takagi H. Microbial alkaline proteases: from a bioindustrial viewpoint. Biotechnology advances. 1999 Dec 15;17(7):561-94.<\/span><\/li>\n<li><span style=\"color: #000000;\">Kumar CG. Purification and characterization of a thermostable alkaline protease from alkalophilic Bacillus pumilus. Letters in Applied Microbiology. 2002 Jan 1;34(1):13-7.<\/span><\/li>\n<li><span style=\"color: #000000;\">Das G, Prasad MP. Isolation, purification &amp; mass production of protease enzyme from Bacillus subtilis. Int. Res. J. Microbiol. 2010 Apr;1(2):26-31.<\/span><\/li>\n<li><span style=\"color: #000000;\">Naidu KS. Characterization and purification of protease enzyme. Journal of Applied Pharmaceutical Science. 2011 May 30(Issue):107-12.<\/span><\/li>\n<li><span style=\"color: #000000;\">Izrael-\u017divkovi\u0107 L, Gojgi\u0107-Cvijovi\u0107 G, Karad\u017ei\u0107 I. Isolation and partial characterization of protease from Pseudomonas aeruginosa ATCC 27853. Journal of the Serbian Chemical Society. 2010;75(8):1041-52.<\/span><\/li>\n<li><span style=\"color: #000000;\">Rao MB, Tanksale AM, Ghatge MS, Deshpande VV. Molecular and biotechnological aspects of microbial proteases. Microbiology and molecular biology reviews. 1998 Sep 1;62(3):597-635.<\/span><\/li>\n<li><span style=\"color: #000000;\">Najafi MF, Deobagkar D, Deobagkar D. Potential application of protease isolated from Pseudomonas aeruginosa PD100. Electronic journal of biotechnology. 2005 Aug;8(2):79-85.<\/span><\/li>\n<li><span style=\"color: #000000;\">Khan MA, Ahmad N, Zafar AU, Nasir IA, Qadir MA. Isolation and screening of alkaline protease producing bacteria and physio-chemical characterization of the enzyme. African Journal of Biotechnology. 2011;10(33):6203-12.<\/span><\/li>\n<li><span style=\"color: #000000;\">Ramya G, Bharathi V. Production of extracellular protease using Bacillus species from the red soil and optimization of protease activity. Journal of Chemical and Pharmaceutical Research. 2015 Sep 23;7(8):446-53.<\/span><\/li>\n<li><span style=\"color: #000000;\">Zambare VP, Nilegaonkar S, Kanekar PP. Scale up production of Protease using Pseudomonas aeruginosa MCM B-327 and its Detergent Compatibility. Journal of Biochemical Technology. 2014 Jun 8;5(2):698-707.<\/span><\/li>\n<li><span style=\"color: #000000;\">Ward OP. Proteases. Comprehensive biotechnology. 2019 Jul 31:604.<\/span><\/li>\n<\/ol>\n<p>&nbsp;<\/p>\n","protected":false},"excerpt":{"rendered":"<p>References: Pratush A, Gupta A, Bhalla TC. Microbial proteases: Prospects and challenges. Microbiology application. 2013:30-48&#8230;.<\/p>\n","protected":false},"author":1,"featured_media":0,"parent":0,"menu_order":0,"comment_status":"closed","ping_status":"closed","template":"","meta":{"footnotes":""},"aioseo_notices":[],"_links":{"self":[{"href":"https:\/\/internationaljournalofmicrobialscience.com\/index.php\/wp-json\/wp\/v2\/pages\/18979"}],"collection":[{"href":"https:\/\/internationaljournalofmicrobialscience.com\/index.php\/wp-json\/wp\/v2\/pages"}],"about":[{"href":"https:\/\/internationaljournalofmicrobialscience.com\/index.php\/wp-json\/wp\/v2\/types\/page"}],"author":[{"embeddable":true,"href":"https:\/\/internationaljournalofmicrobialscience.com\/index.php\/wp-json\/wp\/v2\/users\/1"}],"replies":[{"embeddable":true,"href":"https:\/\/internationaljournalofmicrobialscience.com\/index.php\/wp-json\/wp\/v2\/comments?post=18979"}],"version-history":[{"count":1,"href":"https:\/\/internationaljournalofmicrobialscience.com\/index.php\/wp-json\/wp\/v2\/pages\/18979\/revisions"}],"predecessor-version":[{"id":18980,"href":"https:\/\/internationaljournalofmicrobialscience.com\/index.php\/wp-json\/wp\/v2\/pages\/18979\/revisions\/18980"}],"wp:attachment":[{"href":"https:\/\/internationaljournalofmicrobialscience.com\/index.php\/wp-json\/wp\/v2\/media?parent=18979"}],"curies":[{"name":"wp","href":"https:\/\/api.w.org\/{rel}","templated":true}]}}