{"id":1479,"date":"2024-04-11T20:05:23","date_gmt":"2024-04-11T19:05:23","guid":{"rendered":"https:\/\/internationaljournalofmicrobialscience.com\/?page_id=1479"},"modified":"2024-04-11T20:05:23","modified_gmt":"2024-04-11T19:05:23","slug":"references-46","status":"publish","type":"page","link":"https:\/\/internationaljournalofmicrobialscience.com\/index.php\/references-46\/","title":{"rendered":"References"},"content":{"rendered":"<ol>\n<li>Moretto A. Pesticide residues: organophosphates and carbamates. In: Motarjemi Y, editor. Encyclopedia of food safety. Waltham: Academic Press; 2014. p. 19-22.<\/li>\n<li>Bolla KI, Cadet JL. Chapter 39. Exogenous acquired metabolic disorders of the nervous system: toxins and illicit drugs. In: Goetz CG, editor. Textbook of clinical neurology. 3rd ed. Philadelphia: W B Saunders; 2007. p. 865-96.<\/li>\n<li>Eddleston M, Buckley NA, Eyer P, Dawson AH. Management of acute organophosphorus pesticide poisoning. Lancet. 2008;371(9612):597-607. doi: <a href=\"https:\/\/doi.org\/10.1016\/S0140-6736(07)61202-1\">10.1016\/S0140-6736(07)61202-1<\/a>, PMID <a href=\"https:\/\/www.ncbi.nlm.nih.gov\/pubmed\/17706760\">17706760<\/a>.<\/li>\n<li>Pawar K, Mali G. Biodegradation of Quinolphos insecticide by Pseudomonas strain isolated from grape rhizosphere soils. Int J Curr Microbiol Appl Sci. 2014;3(2):606-13.<\/li>\n<li>Eastmond DA, Chapter BS. Genotoxicity of pesticides. In: Krieger R, editor. Hayes\u2019 handbook of pesticide toxicology. 3rd ed. Vol. 11. New York: Academic Press; 2010. p. 357-80.<\/li>\n<li>Mwevura H, Kylin H, Vogt T, Bouwman H. Dynamics of organochlorine and organophosphate pesticide residues in soil, water, and sediment from the Rufiji River Delta, Tanzania. Reg Stud Mar Sci. 2021;41:101607. doi: <a href=\"https:\/\/doi.org\/10.1016\/j.rsma.2020.101607\">10.1016\/j.rsma.2020.101607<\/a>.<\/li>\n<li>Fern\u00e1ndez-Romero JM, Aguilar-Caballos MP. Fluorescence. In: Worsfold P, Poole C, Townshend A, Mir\u00f3 M, editors. Encyclopedia of Analytical Science. Food applications. 3rd ed. Oxford: Academic Press; 2019. p. 281-91.<\/li>\n<li>Sapahin HA, Makahleh A, Saad B. Determination of organophosphorus pesticide residues in vegetables using solid phase micro-extraction coupled with gas chromatography\u2013flame photometric detector. Arab J Chem. 2019;12(8):1934-44. doi: <a href=\"https:\/\/doi.org\/10.1016\/j.arabjc.2014.12.001\">10.1016\/j.arabjc.2014.12.001<\/a>.<\/li>\n<li>Grimalt S, Dehouck P. Review of analytical methods for the determination of pesticide residues in grapes. J Chromatogr A. 2016;1433:1-23. doi: <a href=\"https:\/\/doi.org\/10.1016\/j.chroma.2015.12.076\">10.1016\/j.chroma.2015.12.076<\/a>, PMID <a href=\"https:\/\/www.ncbi.nlm.nih.gov\/pubmed\/26803907\">26803907<\/a>.<\/li>\n<li>Singh BK, Walker A. Microbial degradation of organophosphorus compounds. FEMS Microbiol Rev. 2006;30(3):428-71. doi: <a href=\"https:\/\/doi.org\/10.1111\/j.1574-6976.2006.00018.x\">10.1111\/j.1574-6976.2006.00018.x<\/a>, PMID <a href=\"https:\/\/www.ncbi.nlm.nih.gov\/pubmed\/16594965\">16594965<\/a>.<\/li>\n<li>Smolen JM, Stone AT. Metal (Hydr) oxide Surface\u2010Catalyzed Hydrolysis of chlorpyrifos\u2010methyl, chlorpyrifos\u2010methyl oxon, and Paraoxon. Soil Sci Soc Am J. 1998;62(3):636-43. doi: <a href=\"https:\/\/doi.org\/10.2136\/sssaj1998.03615995006200030013x\">10.2136\/sssaj1998.03615995006200030013x<\/a>.<\/li>\n<li>Lacorte S, Barcelo D. Rapid degradation of fenitrothion in estuarine waters. Environ Sci Technol. 1994;28(6):1159-63. doi: <a href=\"https:\/\/doi.org\/10.1021\/es00055a029\">10.1021\/es00055a029<\/a>, PMID <a href=\"https:\/\/www.ncbi.nlm.nih.gov\/pubmed\/22176245\">22176245<\/a>.<\/li>\n<li>Lai K, Stolowich NJ, Wild JR. Characterization of PS bond hydrolysis in organophosphorothioate pesticides by organophosphorus hydrolase. Arch Biochem Biophys. 1995;318(1):59-64. doi: <a href=\"https:\/\/doi.org\/10.1006\/abbi.1995.1204\">10.1006\/abbi.1995.1204<\/a>, PMID <a href=\"https:\/\/www.ncbi.nlm.nih.gov\/pubmed\/7726573\">7726573<\/a>.<\/li>\n<li>Liu YH, Chung YC, Xiong Y. Purification and characterization of a dimethoate-degrading enzyme of Aspergillus niger ZHY256, isolated from sewage. Appl Environ Microbiol. 2001;67(8):3746-9. doi: <a href=\"https:\/\/doi.org\/10.1128\/AEM.67.8.3746-3749.2001\">10.1128\/AEM.67.8.3746-3749.2001<\/a>, PMID <a href=\"https:\/\/www.ncbi.nlm.nih.gov\/pubmed\/11472959\">11472959<\/a>.<\/li>\n<li>Mulbry WW, Karns JS. Purification and characterization of three parathion hydrolases from gram-negative bacterial strains. Appl Environ Microbiol. 1989;55(2):289-93. doi: <a href=\"https:\/\/doi.org\/10.1128\/aem.55.2.289-293.1989\">10.1128\/aem.55.2.289-293.1989<\/a>, PMID <a href=\"https:\/\/www.ncbi.nlm.nih.gov\/pubmed\/2541658\">2541658<\/a>.<\/li>\n<li>Kumar S, Kaushik G, Dar MA, Nimesh S, L\u00f3pez-chuken UJ, Villarreal-Chiu JF. Microbial degradation of organophosphate pesticides: a review. Pedosphere. 2018;28(2):190-208. doi: <a href=\"https:\/\/doi.org\/10.1016\/S1002-0160(18)60017-7\">10.1016\/S1002-0160(18)60017-7<\/a>.<\/li>\n<li>Seubert W. Degradation of isoprenoid compounds by micro-organisms. I. Isolation and characterization of an isoprenoid-degrading bacterium, Pseudomonas citronellolis n. sp. J Bacteriol. 1960;79(3):426-34. doi: <a href=\"https:\/\/doi.org\/10.1128\/jb.79.3.426-434.1960\">10.1128\/jb.79.3.426-434.1960<\/a>, PMID <a href=\"https:\/\/www.ncbi.nlm.nih.gov\/pubmed\/14445211\">14445211<\/a>.<\/li>\n<li>Holmes B, Popoff M, Kiredjian M, Kersters K. Ochrobactrum anthropi gen. nov., sp. nov. from human clinical specimens and previously known as group Vd. International. J Syst Evol Microbiol. 1988;38(4):406-16.<\/li>\n<li>Rosenthal A, Charnock-Jones DS. New protocols for DNA sequencing with dye terminators. DNA Seq. 1992;3(1):61-4. doi: <a href=\"https:\/\/doi.org\/10.3109\/10425179209039697\">10.3109\/10425179209039697<\/a>, PMID <a href=\"https:\/\/www.ncbi.nlm.nih.gov\/pubmed\/1457810\">1457810<\/a>.<\/li>\n<li>Tamura K, Peterson D, Peterson N, Stecher G, Nei M, Kumar S. MEGA5: molecular evolutionary genetics analysis using maximum likelihood, evolutionary distance, and maximum parsimony methods. Mol Biol Evol. 2011;28(10):2731-9. doi: <a href=\"https:\/\/doi.org\/10.1093\/molbev\/msr121\">10.1093\/molbev\/msr121<\/a>, PMID <a href=\"https:\/\/www.ncbi.nlm.nih.gov\/pubmed\/21546353\">21546353<\/a>.<\/li>\n<li>Arnow LE. Colorimetric determination of the components of 3, 4-dihydroxyphenylalanine-tyrosine mixtures. J Biol Chem. 1937;118(2):531-7. doi: <a href=\"https:\/\/doi.org\/10.1016\/S0021-9258(18)74509-2\">10.1016\/S0021-9258(18)74509-2<\/a>.<\/li>\n<li>Jeffery G, Basse J, Mendham J. Vogel\u2019s TEXTBOOK OF QUANTITATIVE CHEMICAL ANALYSIS. 5th ed rev\/GH Jeffery, B Sc, Ph D, C Chem, FRS CJ Bassett, M Sc, C Chem, FRS CJ Mendham, M Sc, C Chem, MRS CR C Denney, B Sc, Ph D, C Chem, FRSC, MB 1 M, Longman Group UK Limited 1978, 1989: Longman Group UK Limited 1978, 1989; 1989.<\/li>\n<li>Ellman GL. A colorimetric method for determining low concentrations of mercaptans. Arch Biochem Biophys. 1958;74(2):443-50. doi: <a href=\"https:\/\/doi.org\/10.1016\/0003-9861(58)90014-6\">10.1016\/0003-9861(58)90014-6<\/a>, PMID <a href=\"https:\/\/www.ncbi.nlm.nih.gov\/pubmed\/13534673\">13534673<\/a>.<\/li>\n<li>Bending GD, Friloux M, Walker A. Degradation of contrasting pesticides by white rot fungi and its relationship with ligninolytic potential. FEMS Microbiol Lett. 2002;212(1):59-63. doi: <a href=\"https:\/\/doi.org\/10.1111\/j.1574-6968.2002.tb11245.x\">10.1111\/j.1574-6968.2002.tb11245.x<\/a>, PMID <a href=\"https:\/\/www.ncbi.nlm.nih.gov\/pubmed\/12076788\">12076788<\/a>.<\/li>\n<li>Bhadbhade BJ, Sarnaik SS, Kanekar PP. Biomineralization of an organophosphorus pesticide, monocrotophos, by soil bacteria. J Appl Microbiol. 2002;93(2):224-34. doi: <a href=\"https:\/\/doi.org\/10.1046\/j.1365-2672.2002.01680.x\">10.1046\/j.1365-2672.2002.01680.x<\/a>, PMID <a href=\"https:\/\/www.ncbi.nlm.nih.gov\/pubmed\/12147070\">12147070<\/a>.<\/li>\n<li>Obojska A, Ternan NG, Lejczak B, Kafarski P, McMullan G. Organophosphonate utilization by the thermophile Geobacillus caldoxylosilyticus T20. Appl Environ Microbiol. 2002;68(4):2081-4. doi: <a href=\"https:\/\/doi.org\/10.1128\/AEM.68.4.2081-2084.2002\">10.1128\/AEM.68.4.2081-2084.2002<\/a>, PMID <a href=\"https:\/\/www.ncbi.nlm.nih.gov\/pubmed\/11916738\">11916738<\/a>.<\/li>\n<li>Singh SDK, Singh DK. Utilization of monocrotophos as phosphorus source by Pseudomonas aeruginosa F10B and Clavibacter michiganense subsp. insidiosum SBL 11. Can J Microbiol. 2003;49(2):101-9. doi: <a href=\"https:\/\/doi.org\/10.1139\/w03-013\">10.1139\/w03-013<\/a>, PMID <a href=\"https:\/\/www.ncbi.nlm.nih.gov\/pubmed\/12718398\">12718398<\/a>.<\/li>\n<li>Zhongli C, Shunpeng L, Guoping F. Isolation of methyl parathion-degrading strain M6 and cloning of the methyl parathion hydrolase gene. Appl Environ Microbiol. 2001;67(10):4922-5. doi: <a href=\"https:\/\/doi.org\/10.1128\/AEM.67.10.4922-4925.2001\">10.1128\/AEM.67.10.4922-4925.2001<\/a>, PMID <a href=\"https:\/\/www.ncbi.nlm.nih.gov\/pubmed\/11571204\">11571204<\/a>.<\/li>\n<li>Singh BK, Walker A, Morgan JAW, Wright DJ. Biodegradation of chlorpyrifos by Enterobacter strain B-14 and its use in bioremediation of contaminated soils. Appl Environ Microbiol. 2004;70(8):4855-63. doi: <a href=\"https:\/\/doi.org\/10.1128\/AEM.70.8.4855-4863.2004\">10.1128\/AEM.70.8.4855-4863.2004<\/a>, PMID <a href=\"https:\/\/www.ncbi.nlm.nih.gov\/pubmed\/15294824\">15294824<\/a>.<\/li>\n<li>Benning MM, Shim H, Raushel FM, Holden HM. High resolution X-ray structures of different metal-substituted forms of phosphotriesterase from Pseudomonas diminuta. Biochemistry. 2001;40(9):2712-22. doi: <a href=\"https:\/\/doi.org\/10.1021\/bi002661e\">10.1021\/bi002661e<\/a>, PMID <a href=\"https:\/\/www.ncbi.nlm.nih.gov\/pubmed\/11258882\">11258882<\/a>.<\/li>\n<li>Chen W, Richins RD, Mulchandani P, Kaneva I, Mulchandani A. Biodegradation of organophosphorus nerve agents by surface expressed organophosphorus hydrolase. In: Zwanenburg B, Miko\u0142ajczyk M, Kie\u0142basi\u0144ski P, editors. Enzymes in action: green solutions for chemical problems. Proceedings of the NATO Advanced Study Institute on Enzymes in heteroatom chemistry (green solutions for chemical problems) Berg en dal, the Netherlands Jun 19-30 1999. Dordrecht. Springer Netherlands; 2000. p. 211-21. doi: <a href=\"https:\/\/doi.org\/10.1007\/978-94-010-0924-9_10\">10.1007\/978-94-010-0924-9_10<\/a>.<\/li>\n<li>Merone L, Mandrich L, Rossi M, Manco G. A thermostable phosphotriesterase from the archaeon Sulfolobus solfataricus: cloning, overexpression and properties. Extremophiles. 2005;9(4):297-305. doi: <a href=\"https:\/\/doi.org\/10.1007\/s00792-005-0445-4\">10.1007\/s00792-005-0445-4<\/a>, PMID <a href=\"https:\/\/www.ncbi.nlm.nih.gov\/pubmed\/15909078\">15909078<\/a>.<\/li>\n<li>Porzio E, Merone L, Mandrich L, Rossi M, Manco G. A new phosphotriesterase from Sulfolobus acidocaldarius and its comparison with the homologue from Sulfolobus solfataricus. Biochimie. 2007;89(5):625-36. doi: <a href=\"https:\/\/doi.org\/10.1016\/j.biochi.2007.01.007\">10.1016\/j.biochi.2007.01.007<\/a>, PMID <a href=\"https:\/\/www.ncbi.nlm.nih.gov\/pubmed\/17337320\">17337320<\/a>.<\/li>\n<li>Raushel FM. Bacterial detoxification of organophosphate nerve agents. Curr Opin Microbiol. 2002;5(3):288-95. doi: <a href=\"https:\/\/doi.org\/10.1016\/s1369-5274(02)00314-4\">10.1016\/s1369-5274(02)00314-4<\/a>, PMID <a href=\"https:\/\/www.ncbi.nlm.nih.gov\/pubmed\/12057683\">12057683<\/a>.<\/li>\n<li>Theriot CM, Grunden AM. Hydrolysis of Organophosphorous compounds by microbial enzymes. Appl Microbiol Biotechnol. 2011;89(1):35-43. doi: <a href=\"https:\/\/doi.org\/10.1007\/s00253-010-2807-9\">10.1007\/s00253-010-2807-9<\/a>, PMID <a href=\"https:\/\/www.ncbi.nlm.nih.gov\/pubmed\/20890601\">20890601<\/a>.<\/li>\n<\/ol>\n<p><strong>\u00a0<\/strong><\/p>\n","protected":false},"excerpt":{"rendered":"<p>Moretto A. Pesticide residues: organophosphates and carbamates. In: Motarjemi Y, editor. Encyclopedia of food safety&#8230;.<\/p>\n","protected":false},"author":1,"featured_media":0,"parent":0,"menu_order":0,"comment_status":"closed","ping_status":"closed","template":"","meta":{"footnotes":""},"aioseo_notices":[],"_links":{"self":[{"href":"https:\/\/internationaljournalofmicrobialscience.com\/index.php\/wp-json\/wp\/v2\/pages\/1479"}],"collection":[{"href":"https:\/\/internationaljournalofmicrobialscience.com\/index.php\/wp-json\/wp\/v2\/pages"}],"about":[{"href":"https:\/\/internationaljournalofmicrobialscience.com\/index.php\/wp-json\/wp\/v2\/types\/page"}],"author":[{"embeddable":true,"href":"https:\/\/internationaljournalofmicrobialscience.com\/index.php\/wp-json\/wp\/v2\/users\/1"}],"replies":[{"embeddable":true,"href":"https:\/\/internationaljournalofmicrobialscience.com\/index.php\/wp-json\/wp\/v2\/comments?post=1479"}],"version-history":[{"count":1,"href":"https:\/\/internationaljournalofmicrobialscience.com\/index.php\/wp-json\/wp\/v2\/pages\/1479\/revisions"}],"predecessor-version":[{"id":1480,"href":"https:\/\/internationaljournalofmicrobialscience.com\/index.php\/wp-json\/wp\/v2\/pages\/1479\/revisions\/1480"}],"wp:attachment":[{"href":"https:\/\/internationaljournalofmicrobialscience.com\/index.php\/wp-json\/wp\/v2\/media?parent=1479"}],"curies":[{"name":"wp","href":"https:\/\/api.w.org\/{rel}","templated":true}]}}